{"id":442,"date":"2023-05-03T23:29:18","date_gmt":"2023-05-03T21:29:18","guid":{"rendered":"http:\/\/www.andre-zens.de\/?page_id=442"},"modified":"2023-05-15T00:42:40","modified_gmt":"2023-05-14T22:42:40","slug":"442-2","status":"publish","type":"page","link":"https:\/\/www.andre-zens.de\/?page_id=442","title":{"rendered":""},"content":{"rendered":"<h1 id=\"DATENSCHUTZ\" class=\"wp-block-heading has-text-align-center has-medium-font-size\">Datenschutzerkl\u00e4rung (DSGVO)<\/h1>\n<p class=\"has-text-align-center has-medium-font-size\"><strong>Geltungsbereich<\/strong><\/p>\n<p class=\"has-text-align-center has-medium-font-size\">Diese Datenschutzerkl\u00e4rung soll die Nutzer dieser Website gem\u00e4\u00df Bundesdatenschutzgesetz und Telemediengesetz \u00fcber die Art, den Umfang und den Zweck der Erhebung und Verwendung personenbezogener Daten durch den Websitebetreiber DIPL. ING. (FH) GEORG KARTINI, als verantwortliche Stelle im Sinne der geltenden Datenschutzgesetze, informieren.<\/p>\n<p class=\"has-text-align-center has-medium-font-size\">Der Websitebetreiber nimmt Ihren Datenschutz sehr ernst und behandelt Ihre personenbezogenen Daten vertraulich und entsprechend der gesetzlichen Vorschriften.<\/p>\n<p class=\"has-text-align-center has-medium-font-size\">Bedenken Sie, dass die Daten\u00fcbertragung im Internet grunds\u00e4tzlich mit Sicherheitsl\u00fccken bedacht sein kann. Ein vollumf\u00e4nglicher Schutz vor dem Zugriff durch Fremde ist nicht realisierbar.<\/p>\n<p class=\"has-text-align-center has-medium-font-size\"><strong>Zugriffsdaten<\/strong><\/p>\n<p class=\"has-text-align-center has-medium-font-size\">Der Websitebetreiber bzw. Seitenprovider erhebt Daten \u00fcber Zugriffe auf die Seite und speichert diese als \u201eServer- Logfiles\u201c ab.<\/p>\n<p class=\"has-text-align-center has-medium-font-size\">Folgende Daten werden so protokolliert:<\/p>\n<p class=\"has-text-align-center has-medium-font-size\">\u2013 Besuchte Website<\/p>\n<p class=\"has-text-align-center has-medium-font-size\">\u2013 Uhrzeit zum Zeitpunkt des Zugriffes<\/p>\n<p class=\"has-text-align-center has-medium-font-size\">\u2013 Menge der gesendeten Daten in Byte<\/p>\n<p class=\"has-text-align-center has-medium-font-size\">\u2013 Quelle\/Verweis, von welchem Sie auf die Seite gelangten<\/p>\n<p class=\"has-text-align-center has-medium-font-size\">\u2013 Verwendeter Browser<\/p>\n<p class=\"has-text-align-center has-medium-font-size\">\u2013 Verwendetes Betriebssystem<\/p>\n<p class=\"has-text-align-center has-medium-font-size\">\u2013 Verwendete IP-Adresse<\/p>\n<p class=\"has-text-align-center has-medium-font-size\">Die erhobenen Daten dienen lediglich statistischen Auswertungen und zur Verbesserung der Website. Der Websitebetreiber beh\u00e4lt sich allerdings vor, die Server-Logfiles nachtr\u00e4glich zu \u00fcberpr\u00fcfen, sollten konkrete Anhaltspunkte auf eine rechtswidrige Nutzung hinweisen.<\/p>\n<p class=\"has-text-align-center has-medium-font-size\"><strong>Cookies<\/strong><\/p>\n<p class=\"has-text-align-center has-medium-font-size\">Diese Website verwendet Cookies. Dabei handelt es sich um kleine Textdateien, welche auf Ihrem Endger\u00e4t gespeichert werden. Ihr Browser greift auf diese Dateien zu. Durch den Einsatz von Cookies erh\u00f6ht sich die Benutzerfreundlichkeit und Sicherheit dieser Website.<\/p>\n<p class=\"has-text-align-center has-medium-font-size\">G\u00e4ngige Browser bieten die Einstellungsoption, Cookies nicht zuzulassen. Hinweis: Es ist nicht gew\u00e4hrleistet, dass Sie auf alle Funktionen dieser Website ohne Einschr\u00e4nkungen zugreifen k\u00f6nnen, wenn Sie entsprechende Einstellungen vornehmen.<\/p>\n<p class=\"has-text-align-center has-medium-font-size\"><strong>Umgang mit personenbezogenen Daten<\/strong><\/p>\n<p class=\"has-text-align-center has-medium-font-size\">Der Websitebetreiber erhebt, nutzt und gibt Ihre personenbezogenen Daten nur dann weiter, wenn dies im gesetzlichen Rahmen erlaubt ist oder Sie in die Datenerhebung einwilligen.<\/p>\n<p class=\"has-text-align-center has-medium-font-size\">Als personenbezogene Daten gelten s\u00e4mtliche Informationen, welche dazu dienen, Ihre Person zu bestimmen und welche zu Ihnen zur\u00fcckverfolgt werden k\u00f6nnen \u2013 also beispielsweise Ihr Name, Ihre E-Mail-Adresse und Telefonnummer.<\/p>\n<p class=\"has-text-align-center has-medium-font-size\"><strong>Umgang mit Kontaktdaten<\/strong><\/p>\n<p class=\"has-text-align-center has-medium-font-size\">Nehmen Sie mit dem Websitebetreiber durch die angebotenen Kontaktm\u00f6glichkeiten Verbindung auf, werden Ihre Angaben gespeichert, damit auf diese zur Bearbeitung und Beantwortung Ihrer Anfrage zur\u00fcckgegriffen werden kann. Ohne Ihre Einwilligung werden diese Daten nicht an Dritte weitergegeben.<\/p>\n<p class=\"has-text-align-center has-medium-font-size\"><strong>Rechte des Nutzers: Auskunft, Berichtigung und L\u00f6schung<\/strong><\/p>\n<p class=\"has-text-align-center has-medium-font-size\">Sie als Nutzer erhalten auf Antrag Ihrerseits kostenlose Auskunft dar\u00fcber, welche personenbezogenen Daten \u00fcber Sie gespeichert wurden. Sofern Ihr Wunsch nicht mit einer gesetzlichen Pflicht zur Aufbewahrung von Daten (z. B. Vorratsdatenspeicherung) kollidiert, haben Sie ein Anrecht auf Berichtigung falscher Daten und auf die Sperrung oder L\u00f6schung Ihrer personenbezogenen Daten.<\/p>\n\n\n<div style=\"height:100px\" aria-hidden=\"true\" class=\"wp-block-spacer\"><\/div>\n\n\n\n<div class=\"wp-block-cover aligncenter has-white-color has-text-color\" style=\"min-height:246px;aspect-ratio:unset;\"><span aria-hidden=\"true\" class=\"wp-block-cover__background has-black-background-color has-background-dim-100 has-background-dim\"><\/span><div class=\"wp-block-cover__inner-container is-layout-constrained wp-block-cover-is-layout-constrained\">\n<p class=\"has-text-align-center has-large-font-size\"><\/p>\n\n\n\n<div class=\"wp-block-columns is-layout-flex wp-container-core-columns-is-layout-9d6595d7 wp-block-columns-is-layout-flex\">\n<div class=\"wp-block-column is-layout-flow wp-block-column-is-layout-flow\" style=\"flex-basis:22.22%\">\n<p class=\"has-medium-font-size\">Architekturb\u00fcro Kartini<\/p>\n\n\n\n<p class=\"has-medium-font-size\">Hauptstra\u00dfe 50<\/p>\n\n\n\n<p class=\"has-medium-font-size\">93128 Regenstauf<\/p>\n<\/div>\n\n\n\n<div class=\"wp-block-column has-medium-font-size is-layout-flow wp-block-column-is-layout-flow\" style=\"flex-basis:44.45%\">\n<p>Telefon: 09402\/3699<\/p>\n\n\n\n<p>Telefax: 09402\/7795<\/p>\n\n\n\n<p class=\"has-medium-font-size\">e-Mail: <a href=\"mailto:info@architekturbuero-kartini.de\" target=\"_blank\" rel=\"noreferrer noopener\">info@architekturbuero-kartini.de<\/a><\/p>\n<\/div>\n\n\n\n<div class=\"wp-block-column is-layout-flow wp-block-column-is-layout-flow\" style=\"flex-basis:33.33%\">\n<p class=\"has-medium-font-size\">So finden Sie uns &#8230;<\/p>\n\n\n\n<div class=\"wp-block-webfactory-map\"><div class=\"wp-block-webfactory-map\"><iframe loading=\"lazy\" width=\"100%\" height=\"152px\" src=\"https:\/\/www.google.com\/maps\/embed\/v1\/place?q=Architekturb%C3%BCro%20Kartini%2C%20Hauptstra%C3%9Fe50%2C%2093128%20Regenstauf&amp;maptype=roadmap&amp;zoom=12&amp;key=AIzaSyAjyDspiPfzEfjRSS5fQzm-3jHFjHxeXB4\" frameborder=\"0\"><\/iframe><\/div><\/div>\n<\/div>\n<\/div>\n\n\n\n<hr class=\"wp-block-separator has-alpha-channel-opacity\"\/>\n\n\n\n<p class=\"has-text-align-center has-medium-font-size\">\u00a9 2023 Copyright by Architekturb\u00fcro Kartini. All Rights reserved!                                          <\/p>\n<\/div><\/div>\n","protected":false},"excerpt":{"rendered":"<p>Datenschutzerkl\u00e4rung (DSGVO) Geltungsbereich Diese Datenschutzerkl\u00e4rung soll die Nutzer dieser Website gem\u00e4\u00df Bundesdatenschutzgesetz und Telemediengesetz \u00fcber die Art, den Umfang und den Zweck der Erhebung und Verwendung personenbezogener Daten durch den Websitebetreiber DIPL. ING. (FH) GEORG KARTINI, als verantwortliche Stelle im Sinne der geltenden Datenschutzgesetze, informieren. Der Websitebetreiber nimmt Ihren Datenschutz sehr ernst und behandelt Ihre [&hellip;]<\/p>\n","protected":false},"author":1,"featured_media":0,"parent":0,"menu_order":0,"comment_status":"closed","ping_status":"closed","template":"","meta":{"advgb_blocks_editor_width":"full","advgb_blocks_columns_visual_guide":"","footnotes":""},"class_list":["post-442","page","type-page","status-publish","hentry"],"coauthors":[],"author_meta":{"author_link":"https:\/\/www.andre-zens.de\/?author=1","display_name":"andrezens"},"relative_dates":{"created":"Ver\u00f6ffentlicht 3\u00a0Jahren vor","modified":"Aktualisiert 3\u00a0Jahren vor"},"absolute_dates":{"created":"Ver\u00f6ffentlicht am 3. Mai 2023","modified":"Aktualisiert am 15. Mai 2023"},"absolute_dates_time":{"created":"Ver\u00f6ffentlicht am 3. Mai 2023 23:29","modified":"Aktualisiert am 15. Mai 2023 0:42"},"featured_img_caption":"","featured_img":false,"series_order":"","jetpack_sharing_enabled":true,"_links":{"self":[{"href":"https:\/\/www.andre-zens.de\/index.php?rest_route=\/wp\/v2\/pages\/442","targetHints":{"allow":["GET"]}}],"collection":[{"href":"https:\/\/www.andre-zens.de\/index.php?rest_route=\/wp\/v2\/pages"}],"about":[{"href":"https:\/\/www.andre-zens.de\/index.php?rest_route=\/wp\/v2\/types\/page"}],"author":[{"embeddable":true,"href":"https:\/\/www.andre-zens.de\/index.php?rest_route=\/wp\/v2\/users\/1"}],"replies":[{"embeddable":true,"href":"https:\/\/www.andre-zens.de\/index.php?rest_route=%2Fwp%2Fv2%2Fcomments&post=442"}],"version-history":[{"count":6,"href":"https:\/\/www.andre-zens.de\/index.php?rest_route=\/wp\/v2\/pages\/442\/revisions"}],"predecessor-version":[{"id":557,"href":"https:\/\/www.andre-zens.de\/index.php?rest_route=\/wp\/v2\/pages\/442\/revisions\/557"}],"wp:attachment":[{"href":"https:\/\/www.andre-zens.de\/index.php?rest_route=%2Fwp%2Fv2%2Fmedia&parent=442"}],"curies":[{"name":"wp","href":"https:\/\/api.w.org\/{rel}","templated":true}]}}